{"id":143,"date":"2015-01-20T09:42:14","date_gmt":"2015-01-20T08:42:14","guid":{"rendered":"http:\/\/abc-photoline.com\/com\/?page_id=143"},"modified":"2015-02-24T14:38:28","modified_gmt":"2015-02-24T13:38:28","slug":"pack-sho","status":"publish","type":"page","link":"https:\/\/abc-photoline.com\/com\/pack-sho","title":{"rendered":"Pack Shot"},"content":{"rendered":"<p align=\"left\">Le \u00ab\u00a0Pack Shot\u00a0\u00bb qu&rsquo;est ce que c&rsquo;est ?<\/p>\n<p align=\"left\">Le pack shot est une prise de vue o\u00f9 le produit est\u00a0d\u00e9tour\u00e9 pour l&rsquo;ins\u00e9rer sur un fond uni. On peut afficher ce produit sur le fond de votre choix.<\/p>\n<p align=\"left\">Cela comporte la prise de vue, le d\u00e9tourage, et sa mise en valeur. Votre produit fini sera livr\u00e9 sur un support num\u00e9rique CD ou DVD selon la quantit\u00e9, au format de votre choix (JPG, PSD, PDS, PNG &#8230;)<\/p>\n<p align=\"left\">Vous pouvez ensuite utiliser la photo sur diff\u00e9rents supports, cartes de visite, papier \u00e0 lettres, plaquettes commerciales, site internet&#8230;<\/p>\n<p align=\"left\">Pour tout renseignements me contacter.<\/p>\n<style id=\"bwg-style-0\">    #bwg_container1_0 #bwg_container2_0 .bwg-container-0.bwg-standard-thumbnails {      width: 904px;              justify-content: center;        margin:0 auto !important;              background-color: rgba(255, 255, 255, 0.00);            padding-left: 4px;      padding-top: 4px;      max-width: 100%;            }        #bwg_container1_0 #bwg_container2_0 .bwg-container-0.bwg-standard-thumbnails .bwg-item {    justify-content: flex-start;      max-width: 180px;            width: 180px !important;          }    #bwg_container1_0 #bwg_container2_0 .bwg-container-0.bwg-standard-thumbnails .bwg-item a {       margin-right: 4px;       margin-bottom: 4px;    }    #bwg_container1_0 #bwg_container2_0 .bwg-container-0.bwg-standard-thumbnails .bwg-item0 {      padding: 0px;            background-color:rgba(255,255,255, 0.30);      border: 0px none #CCCCCC;      opacity: 1.00;      border-radius: 0;      box-shadow: 0px 0px 0px #888888;    }    #bwg_container1_0 #bwg_container2_0 .bwg-container-0.bwg-standard-thumbnails .bwg-item1 img {      max-height: none;      max-width: none;      padding: 0 !important;    }        @media only screen and (min-width: 480px) {      #bwg_container1_0 #bwg_container2_0 .bwg-container-0.bwg-standard-thumbnails .bwg-item0 {        transition: all 0.3s ease 0s;-webkit-transition: all 0.3s ease 0s;      }      #bwg_container1_0 #bwg_container2_0 .bwg-container-0.bwg-standard-thumbnails .bwg-item0:hover {        -ms-transform: scale(1.1);        -webkit-transform: scale(1.1);        transform: scale(1.1);      }    }          #bwg_container1_0 #bwg_container2_0 .bwg-container-0.bwg-standard-thumbnails .bwg-item1 {      padding-top: 50%;    }        #bwg_container1_0 #bwg_container2_0 .bwg-container-0.bwg-standard-thumbnails .bwg-title2,    #bwg_container1_0 #bwg_container2_0 .bwg-container-0.bwg-standard-thumbnails .bwg-ecommerce2 {      color: #CCCCCC;      font-family: segoe ui;      font-size: 16px;      font-weight: bold;      padding: 2px;      text-shadow: 0px 0px 0px #888888;      max-height: 100%;    }    #bwg_container1_0 #bwg_container2_0 .bwg-container-0.bwg-standard-thumbnails .bwg-thumb-description span {    color: #323A45;    font-family: Ubuntu;    font-size: 12px;    max-height: 100%;    word-wrap: break-word;    }    #bwg_container1_0 #bwg_container2_0 .bwg-container-0.bwg-standard-thumbnails .bwg-play-icon2 {      font-size: 32px;    }    #bwg_container1_0 #bwg_container2_0 .bwg-container-0.bwg-standard-thumbnails .bwg-ecommerce2 {      font-size: 19.2px;      color: #CCCCCC;    }    <\/style>    <div id=\"bwg_container1_0\"         class=\"bwg_container bwg_thumbnail bwg_thumbnails \"         data-right-click-protection=\"1\"         data-bwg=\"0\"         data-scroll=\"0\"         data-gallery-type=\"thumbnails\"         data-gallery-view-type=\"thumbnails\"         data-current-url=\"\/com\/wp-json\/wp\/v2\/pages\/143\"         data-lightbox-url=\"https:\/\/abc-photoline.com\/com\/wp-admin\/admin-ajax.php?action=GalleryBox&#038;current_view=0&#038;gallery_id=9&#038;tag=0&#038;theme_id=1&#038;shortcode_id=12&#038;sort_by=order&#038;order_by=asc&#038;current_url=%2Fcom%2Fwp-json%2Fwp%2Fv2%2Fpages%2F143\"         data-gallery-id=\"9\"         data-popup-width=\"800\"         data-popup-height=\"500\"         data-is-album=\"gallery\"         data-buttons-position=\"bottom\">      <div id=\"bwg_container2_0\">             <div id=\"ajax_loading_0\" class=\"bwg_loading_div_1\">      <div class=\"bwg_loading_div_2\">        <div class=\"bwg_loading_div_3\">          <div id=\"loading_div_0\" class=\"bwg_spider_ajax_loading\">          <\/div>        <\/div>      <\/div>    <\/div>            <form id=\"gal_front_form_0\"              class=\"bwg-hidden\"              method=\"post\"              action=\"#\"              data-current=\"0\"              data-shortcode-id=\"12\"              data-gallery-type=\"thumbnails\"              data-gallery-id=\"9\"              data-tag=\"0\"              data-album-id=\"0\"              data-theme-id=\"1\"              data-ajax-url=\"https:\/\/abc-photoline.com\/com\/wp-admin\/admin-ajax.php?action=bwg_frontend_data\">          <div id=\"bwg_container3_0\" class=\"bwg-background bwg-background-0\">                <div data-max-count=\"5\"         data-thumbnail-width=\"180\"         data-bwg=\"0\"         data-gallery-id=\"9\"         data-lightbox-url=\"https:\/\/abc-photoline.com\/com\/wp-admin\/admin-ajax.php?action=GalleryBox&amp;current_view=0&amp;gallery_id=9&amp;tag=0&amp;theme_id=1&amp;shortcode_id=12&amp;sort_by=order&amp;order_by=asc&amp;current_url=%2Fcom%2Fwp-json%2Fwp%2Fv2%2Fpages%2F143\"         id=\"bwg_thumbnails_0\"         class=\"bwg-container-0 bwg-thumbnails bwg-standard-thumbnails bwg-container bwg-border-box\">            <div class=\"bwg-item\">        <a class=\"bwg-a \"  data-elementor-open-lightbox=\"no\">                <div class=\"bwg-item0 \">          <div class=\"bwg-item1 \">            <div class=\"bwg-item2\">              <img decoding=\"async\" class=\"skip-lazy bwg_standart_thumb_img_0 \"                   data-id=\"237\"                   data-width=\"\"                   data-height=\"\"                   data-src=\"https:\/\/abc-photoline.com\/com\/wp-content\/uploads\/photo-gallery\/PACK%20SHOT\/thumb\/Pack%20Shot.jpg\"                   src=\"https:\/\/abc-photoline.com\/com\/wp-content\/uploads\/photo-gallery\/PACK%20SHOT\/thumb\/Pack%20Shot.jpg\"                   alt=\"Pack Shot\"                   title=\"Pack Shot\" \/>            <\/div>            <div class=\"\">                                                      <\/div>          <\/div>        <\/div>                        <\/a>              <\/div>            <div class=\"bwg-item\">        <a class=\"bwg-a \"  data-elementor-open-lightbox=\"no\">                <div class=\"bwg-item0 \">          <div class=\"bwg-item1 \">            <div class=\"bwg-item2\">              <img decoding=\"async\" class=\"skip-lazy bwg_standart_thumb_img_0 \"                   data-id=\"236\"                   data-width=\"\"                   data-height=\"\"                   data-src=\"https:\/\/abc-photoline.com\/com\/wp-content\/uploads\/photo-gallery\/PACK%20SHOT\/thumb\/Canard%20193821.png\"                   src=\"https:\/\/abc-photoline.com\/com\/wp-content\/uploads\/photo-gallery\/PACK%20SHOT\/thumb\/Canard%20193821.png\"                   alt=\"Canard 193821\"                   title=\"Canard 193821\" \/>            <\/div>            <div class=\"\">                                                      <\/div>          <\/div>        <\/div>                        <\/a>              <\/div>            <div class=\"bwg-item\">        <a class=\"bwg-a \"  data-elementor-open-lightbox=\"no\">                <div class=\"bwg-item0 \">          <div class=\"bwg-item1 \">            <div class=\"bwg-item2\">              <img decoding=\"async\" class=\"skip-lazy bwg_standart_thumb_img_0 \"                   data-id=\"235\"                   data-width=\"\"                   data-height=\"\"                   data-src=\"https:\/\/abc-photoline.com\/com\/wp-content\/uploads\/photo-gallery\/PACK%20SHOT\/thumb\/Canard%20193784.png\"                   src=\"https:\/\/abc-photoline.com\/com\/wp-content\/uploads\/photo-gallery\/PACK%20SHOT\/thumb\/Canard%20193784.png\"                   alt=\"Canard 193784\"                   title=\"Canard 193784\" \/>            <\/div>            <div class=\"\">                                                      <\/div>          <\/div>        <\/div>                        <\/a>              <\/div>            <div class=\"bwg-item\">        <a class=\"bwg-a \"  data-elementor-open-lightbox=\"no\">                <div class=\"bwg-item0 \">          <div class=\"bwg-item1 \">            <div class=\"bwg-item2\">              <img decoding=\"async\" class=\"skip-lazy bwg_standart_thumb_img_0 \"                   data-id=\"234\"                   data-width=\"\"                   data-height=\"\"                   data-src=\"https:\/\/abc-photoline.com\/com\/wp-content\/uploads\/photo-gallery\/PACK%20SHOT\/thumb\/Canard%20193779.png\"                   src=\"https:\/\/abc-photoline.com\/com\/wp-content\/uploads\/photo-gallery\/PACK%20SHOT\/thumb\/Canard%20193779.png\"                   alt=\"Canard 193779\"                   title=\"Canard 193779\" \/>            <\/div>            <div class=\"\">                                                      <\/div>          <\/div>        <\/div>                        <\/a>              <\/div>            <div class=\"bwg-item\">        <a class=\"bwg-a \"  data-elementor-open-lightbox=\"no\">                <div class=\"bwg-item0 \">          <div class=\"bwg-item1 \">            <div class=\"bwg-item2\">              <img decoding=\"async\" class=\"skip-lazy bwg_standart_thumb_img_0 \"                   data-id=\"233\"                   data-width=\"\"                   data-height=\"\"                   data-src=\"https:\/\/abc-photoline.com\/com\/wp-content\/uploads\/photo-gallery\/PACK%20SHOT\/thumb\/Canard%20193761.png\"                   src=\"https:\/\/abc-photoline.com\/com\/wp-content\/uploads\/photo-gallery\/PACK%20SHOT\/thumb\/Canard%20193761.png\"                   alt=\"Canard 193761\"                   title=\"Canard 193761\" \/>            <\/div>            <div class=\"\">                                                      <\/div>          <\/div>        <\/div>                        <\/a>              <\/div>            <div class=\"bwg-item\">        <a class=\"bwg-a \"  data-elementor-open-lightbox=\"no\">                <div class=\"bwg-item0 \">          <div class=\"bwg-item1 \">            <div class=\"bwg-item2\">              <img decoding=\"async\" class=\"skip-lazy bwg_standart_thumb_img_0 \"                   data-id=\"178\"                   data-width=\"\"                   data-height=\"\"                   data-src=\"https:\/\/abc-photoline.com\/com\/wp-content\/uploads\/photo-gallery\/PACK%20SHOT\/thumb\/Pack%20Shot%2080477%20copie.JPG\"                   src=\"https:\/\/abc-photoline.com\/com\/wp-content\/uploads\/photo-gallery\/PACK%20SHOT\/thumb\/Pack%20Shot%2080477%20copie.JPG\"                   alt=\"Pack Shot 80477 copie \"                   title=\"Pack Shot 80477 copie \" \/>            <\/div>            <div class=\"\">                                                      <\/div>          <\/div>        <\/div>                        <\/a>              <\/div>            <div class=\"bwg-item\">        <a class=\"bwg-a \"  data-elementor-open-lightbox=\"no\">                <div class=\"bwg-item0 \">          <div class=\"bwg-item1 \">            <div class=\"bwg-item2\">              <img decoding=\"async\" class=\"skip-lazy bwg_standart_thumb_img_0 \"                   data-id=\"177\"                   data-width=\"\"                   data-height=\"\"                   data-src=\"https:\/\/abc-photoline.com\/com\/wp-content\/uploads\/photo-gallery\/PACK%20SHOT\/thumb\/Pack%20Shot%2080472%20copie.JPG\"                   src=\"https:\/\/abc-photoline.com\/com\/wp-content\/uploads\/photo-gallery\/PACK%20SHOT\/thumb\/Pack%20Shot%2080472%20copie.JPG\"                   alt=\"Pack Shot 80472 copie \"                   title=\"Pack Shot 80472 copie \" \/>            <\/div>            <div class=\"\">                                                      <\/div>          <\/div>        <\/div>                        <\/a>              <\/div>            <div class=\"bwg-item\">        <a class=\"bwg-a \"  data-elementor-open-lightbox=\"no\">                <div class=\"bwg-item0 \">          <div class=\"bwg-item1 \">            <div class=\"bwg-item2\">              <img decoding=\"async\" class=\"skip-lazy bwg_standart_thumb_img_0 \"                   data-id=\"176\"                   data-width=\"\"                   data-height=\"\"                   data-src=\"https:\/\/abc-photoline.com\/com\/wp-content\/uploads\/photo-gallery\/PACK%20SHOT\/thumb\/Pack%20Shot%2080470%20copie.JPG\"                   src=\"https:\/\/abc-photoline.com\/com\/wp-content\/uploads\/photo-gallery\/PACK%20SHOT\/thumb\/Pack%20Shot%2080470%20copie.JPG\"                   alt=\"Pack Shot 80470 copie \"                   title=\"Pack Shot 80470 copie \" \/>            <\/div>            <div class=\"\">                                                      <\/div>          <\/div>        <\/div>                        <\/a>              <\/div>            <div class=\"bwg-item\">        <a class=\"bwg-a \"  data-elementor-open-lightbox=\"no\">                <div class=\"bwg-item0 \">          <div class=\"bwg-item1 \">            <div class=\"bwg-item2\">              <img decoding=\"async\" class=\"skip-lazy bwg_standart_thumb_img_0 \"                   data-id=\"175\"                   data-width=\"\"                   data-height=\"\"                   data-src=\"https:\/\/abc-photoline.com\/com\/wp-content\/uploads\/photo-gallery\/PACK%20SHOT\/thumb\/Pack%20Shot%2080461%20copie.JPG\"                   src=\"https:\/\/abc-photoline.com\/com\/wp-content\/uploads\/photo-gallery\/PACK%20SHOT\/thumb\/Pack%20Shot%2080461%20copie.JPG\"                   alt=\"Pack Shot 80461 copie \"                   title=\"Pack Shot 80461 copie \" \/>            <\/div>            <div class=\"\">                                                      <\/div>          <\/div>        <\/div>                        <\/a>              <\/div>            <div class=\"bwg-item\">        <a class=\"bwg-a \"  data-elementor-open-lightbox=\"no\">                <div class=\"bwg-item0 \">          <div class=\"bwg-item1 \">            <div class=\"bwg-item2\">              <img decoding=\"async\" class=\"skip-lazy bwg_standart_thumb_img_0 \"                   data-id=\"174\"                   data-width=\"\"                   data-height=\"\"                   data-src=\"https:\/\/abc-photoline.com\/com\/wp-content\/uploads\/photo-gallery\/PACK%20SHOT\/thumb\/Pack%20Shot%2080456%20copie.JPG\"                   src=\"https:\/\/abc-photoline.com\/com\/wp-content\/uploads\/photo-gallery\/PACK%20SHOT\/thumb\/Pack%20Shot%2080456%20copie.JPG\"                   alt=\"Pack Shot 80456 copie \"                   title=\"Pack Shot 80456 copie \" \/>            <\/div>            <div class=\"\">                                                      <\/div>          <\/div>        <\/div>                        <\/a>              <\/div>            <div class=\"bwg-item\">        <a class=\"bwg-a \"  data-elementor-open-lightbox=\"no\">                <div class=\"bwg-item0 \">          <div class=\"bwg-item1 \">            <div class=\"bwg-item2\">              <img decoding=\"async\" class=\"skip-lazy bwg_standart_thumb_img_0 \"                   data-id=\"173\"                   data-width=\"\"                   data-height=\"\"                   data-src=\"https:\/\/abc-photoline.com\/com\/wp-content\/uploads\/photo-gallery\/PACK%20SHOT\/thumb\/Demo%20PackShot.JPG\"                   src=\"https:\/\/abc-photoline.com\/com\/wp-content\/uploads\/photo-gallery\/PACK%20SHOT\/thumb\/Demo%20PackShot.JPG\"                   alt=\"Demo PackShot \"                   title=\"Demo PackShot \" \/>            <\/div>            <div class=\"\">                                                      <\/div>          <\/div>        <\/div>                        <\/a>              <\/div>          <\/div>    <style>      \/*pagination styles*\/      #bwg_container1_0 #bwg_container2_0 .tablenav-pages_0 {\t\t\t\ttext-align: center;\t\t\t\tfont-size: 12px;\t\t\t\tfont-family: segoe ui;\t\t\t\tfont-weight: bold;\t\t\t\tcolor: #666666;\t\t\t\tmargin: 6px 0 4px;\t\t\t\tdisplay: block;      }      @media only screen and (max-width : 320px) {      #bwg_container1_0 #bwg_container2_0 .displaying-num_0 {     \t display: none;      }      }      #bwg_container1_0 #bwg_container2_0 .displaying-num_0 {\t\t\t\tfont-size: 12px;\t\t\t\tfont-family: segoe ui;\t\t\t\tfont-weight: bold;\t\t\t\tcolor: #666666;\t\t\t\tmargin-right: 10px;\t\t\t\tvertical-align: middle;      }      #bwg_container1_0 #bwg_container2_0 .paging-input_0 {\t\t\t\tfont-size: 12px;\t\t\t\tfont-family: segoe ui;\t\t\t\tfont-weight: bold;\t\t\t\tcolor: #666666;\t\t\t\tvertical-align: middle;      }      #bwg_container1_0 #bwg_container2_0 .tablenav-pages_0 a.disabled,      #bwg_container1_0 #bwg_container2_0 .tablenav-pages_0 a.disabled:hover,      #bwg_container1_0 #bwg_container2_0 .tablenav-pages_0 a.disabled:focus,\t\t\t#bwg_container1_0 #bwg_container2_0 .tablenav-pages_0 input.bwg_current_page {\t\t\t\tcursor: default;\t\t\t\tcolor: rgba(102, 102, 102, 0.5);      }      #bwg_container1_0 #bwg_container2_0 .tablenav-pages_0 a,      #bwg_container1_0 #bwg_container2_0 .tablenav-pages_0 input.bwg_current_page {\t\t\t\tcursor: pointer;\t\t\t\ttext-align: center;\t\t\t\tfont-size: 12px;\t\t\t\tfont-family: segoe ui;\t\t\t\tfont-weight: bold;\t\t\t\tcolor: #666666;\t\t\t\ttext-decoration: none;\t\t\t\tpadding: 3px 6px;\t\t\t\tmargin: 0;\t\t\t\tborder-radius: 0;\t\t\t\tborder-style: solid;\t\t\t\tborder-width: 1px;\t\t\t\tborder-color: #E3E3E3;\t\t\t\t\t\t\t\tbackground-color: rgba(255, 255, 255, 1.00);\t\t\t\tbox-shadow: 0;\t\t\t\ttransition: all 0.3s ease 0s;-webkit-transition: all 0.3s ease 0s;      }      <\/style>      <span class=\"bwg_nav_cont_0\">              <div class=\"tablenav-pages_0\">                  <\/div>                <input type=\"hidden\" id=\"page_number_0\" name=\"page_number_0\" value=\"1\" \/>      <script type=\"text\/javascript\">        if( jQuery('.bwg_nav_cont_0').length > 1 ) {          jQuery('.bwg_nav_cont_0').first().remove()        }        function spider_page_0(cur, x, y, load_more) {          if (typeof load_more == \"undefined\") {            var load_more = false;          }          if (jQuery(cur).hasClass('disabled')) {            return false;          }          var items_county_0 = 1;          switch (y) {            case 1:              if (x >= items_county_0) {                document.getElementById('page_number_0').value = items_county_0;              }              else {                document.getElementById('page_number_0').value = x + 1;              }              break;            case 2:              document.getElementById('page_number_0').value = items_county_0;              break;            case -1:              if (x == 1) {                document.getElementById('page_number_0').value = 1;              }              else {                document.getElementById('page_number_0').value = x - 1;              }              break;            case -2:              document.getElementById('page_number_0').value = 1;              break;\t\t\t\t\t\tcase 0:              document.getElementById('page_number_0').value = x;              break;            default:              document.getElementById('page_number_0').value = 1;          }          bwg_ajax('gal_front_form_0', '0', 'bwg_thumbnails_0', '0', '', 'gallery', 0, '', '', load_more, '', 1);        }                    jQuery('.first-page-0').on('click', function () {              spider_page_0(this, 1, -2, 'numeric');              return false;            });            jQuery('.prev-page-0').on('click', function () {              spider_page_0(this, 1, -1, 'numeric');              return false;            });            jQuery('.next-page-0').on('click', function () {              spider_page_0(this, 1, 1, 'numeric');              return false;            });            jQuery('.last-page-0').on('click', function () {              spider_page_0(this, 1, 2, 'numeric');              return false;            });        \t\t\t\t\/* Change page on input enter. *\/        function bwg_change_page_0( e, that ) {          if (  e.key == 'Enter' ) {            var to_page = parseInt(jQuery(that).val());            var pages_count = jQuery(that).parents(\".pagination-links\").data(\"pages-count\");            var current_url_param = jQuery(that).attr('data-url-info');            if (to_page > pages_count) {              to_page = 1;            }\t \t\t\t\t\t\t\t\t\t\t\t\tspider_page_0(this, to_page, 0, 'numeric');\t\t\t\t\t\t\treturn false;\t\t\t\t\t\t          }          return true;        }        jQuery('.bwg_load_btn_0').on('click', function () {            spider_page_0(this, 1, 1, true);            return false;        });      <\/script>      <\/span>                <\/div>        <\/form>              <\/div>    <\/div>    <script>      if (document.readyState === 'complete') {        if( typeof bwg_main_ready == 'function' ) {          if ( jQuery(\"#bwg_container1_0\").height() ) {            bwg_main_ready(jQuery(\"#bwg_container1_0\"));          }        }      } else {        document.addEventListener('DOMContentLoaded', function() {          if( typeof bwg_main_ready == 'function' ) {            if ( jQuery(\"#bwg_container1_0\").height() ) {             bwg_main_ready(jQuery(\"#bwg_container1_0\"));            }          }        });      }    <\/script>    \n","protected":false},"excerpt":{"rendered":"<p>Le \u00ab\u00a0Pack Shot\u00a0\u00bb qu&rsquo;est ce que c&rsquo;est ? Le pack shot est une prise de vue o\u00f9 le produit est\u00a0d\u00e9tour\u00e9 pour l&rsquo;ins\u00e9rer sur un fond uni. On peut afficher ce [&hellip;]<\/p>\n","protected":false},"author":1,"featured_media":0,"parent":0,"menu_order":0,"comment_status":"closed","ping_status":"closed","template":"","meta":{"footnotes":""},"class_list":["post-143","page","type-page","status-publish","hentry"],"publishpress_future_action":{"enabled":false,"date":"2026-05-05 11:52:41","action":"draft","terms":[],"taxonomy":""},"_links":{"self":[{"href":"https:\/\/abc-photoline.com\/com\/wp-json\/wp\/v2\/pages\/143","targetHints":{"allow":["GET"]}}],"collection":[{"href":"https:\/\/abc-photoline.com\/com\/wp-json\/wp\/v2\/pages"}],"about":[{"href":"https:\/\/abc-photoline.com\/com\/wp-json\/wp\/v2\/types\/page"}],"author":[{"embeddable":true,"href":"https:\/\/abc-photoline.com\/com\/wp-json\/wp\/v2\/users\/1"}],"replies":[{"embeddable":true,"href":"https:\/\/abc-photoline.com\/com\/wp-json\/wp\/v2\/comments?post=143"}],"version-history":[{"count":5,"href":"https:\/\/abc-photoline.com\/com\/wp-json\/wp\/v2\/pages\/143\/revisions"}],"predecessor-version":[{"id":368,"href":"https:\/\/abc-photoline.com\/com\/wp-json\/wp\/v2\/pages\/143\/revisions\/368"}],"wp:attachment":[{"href":"https:\/\/abc-photoline.com\/com\/wp-json\/wp\/v2\/media?parent=143"}],"curies":[{"name":"wp","href":"https:\/\/api.w.org\/{rel}","templated":true}]}}