{"id":28,"date":"2015-01-19T15:19:39","date_gmt":"2015-01-19T15:19:39","guid":{"rendered":"http:\/\/abc-photoline.com\/com\/?page_id=28"},"modified":"2015-01-19T17:47:46","modified_gmt":"2015-01-19T16:47:46","slug":"mentions-legales","status":"publish","type":"page","link":"https:\/\/abc-photoline.com\/com\/mentions-legales","title":{"rendered":"Mentions L\u00e9gales"},"content":{"rendered":"<h3 align=\"center\">Mentions L\u00e9gals<\/h3>\n<p align=\"center\"><em><strong>Antoine BACHELET Photographe Auteur &#8211; Cr\u00e9ateur d&rsquo;Image &#8211; www.abc-photoline.com<\/strong><\/em><\/p>\n<p align=\"center\">\n<p align=\"justify\">Vous \u00eates actuellement connect\u00e9 au site de\u00a0<strong>Antoine BACHELET Photographe &#8211; www.abc-photoline.com<\/strong><br \/>\nL&rsquo;utilisateur en ayant acc\u00e8s \u00e0 ce site s&rsquo;engage \u00e0 se conformer aux pr\u00e9sentes\u00a0<strong>conditions d&rsquo;utilisation<\/strong>.<\/p>\n<p><strong>Informations \u00e9diteur<\/strong>\u00a0:<br \/>\nCe site est \u00e9dit\u00e9 par Antoine BACHELET \u00a0<span class=\"Style3\">Siret\u00a0: 508\u00a0209\u00a0525\u00a0\u00a0 &#8211;\u00a0\u00a0 APE\u00a0: 9003A<\/span><br \/>\n<strong>Directeur de la publication<\/strong>: Antoine BACHELET<br \/>\n<strong>Webdesigner<\/strong>: Antoine BACHELET<br \/>\n<strong>Webmaster<\/strong>: Antoine BACHELET<\/p>\n<p align=\"justify\">\n<p><strong>Informations h\u00e9bergeur<\/strong>\u00a0:<br \/>\nCe site est h\u00e9berg\u00e9 par:<br \/>\nOVH -140 Quai du Sarte &#8211; 59100 Roubaix &#8211; France<\/p>\n<p><strong>Informatique et Libert\u00e9s\u00a0<\/strong>:<\/p>\n<p>L&rsquo;utilisateur de ce site est notamment inform\u00e9 que, conform\u00e9ment \u00e0 l&rsquo;article 27 de la loi Informatique et Libert\u00e9s du 6 janvier 1978, les informations communiqu\u00e9es par l&rsquo;utilisateur du fait des formulaires pr\u00e9sents sur le site, sont n\u00e9cessaires pour r\u00e9pondre \u00e0 sa demande, et sont destin\u00e9es \u00e0 Antoine BACHELET<\/p>\n<p><strong>Exercice du droit d&rsquo;acc\u00e8s<\/strong>\u00a0:<\/p>\n<p>Conform\u00e9ment \u00e0 l&rsquo;article 34 de la Loi Informatique et Libert\u00e9s, l&rsquo;utilisateur de ce site dispose d&rsquo;un droit d&rsquo;acc\u00e8s, de modification, de rectification et de suppression des donn\u00e9es qui le concernent.<\/p>\n<p>Pour exercer ce droit d&rsquo;acc\u00e8s, l&rsquo;utilisateur doit \u00e9crire \u00e0 :<br \/>\nAntoine BACHELET\u00a0<a href=\"http:\/\/www.abc-photoline.com\/Contact.html\">Contact<\/a><br \/>\n<span class=\"Style4\">Siret\u00a0: 508\u00a0209\u00a0525\u00a0\u00a0 &#8211;\u00a0\u00a0 APE\u00a0: 9003A<\/span><\/p>\n<p><strong>Droits d&rsquo;auteur \/ Copyright\u00a0<\/strong>:<\/p>\n<p>Toutes les images et texte de ce site sont la propri\u00e9t\u00e9 exclusive de Antoine BACHELET\u00a0<span lang=\"fr\" xml:lang=\"fr\">et de leur model.<br \/>\nL<\/span>&lsquo;utilisation<span lang=\"fr\" xml:lang=\"fr\">\u00a0<\/span>et la reproduction<span lang=\"fr\" xml:lang=\"fr\">,<\/span>\u00a0<span lang=\"fr\" xml:lang=\"fr\">m\u00eame partielle,\u00a0<\/span>de celles-ci sont strictement interdite.<\/p>\n<p>Toute autre utilisation non express\u00e9ment autoris\u00e9e ou toute repr\u00e9sentation totale ou partielle de ce site par quelque proc\u00e9d\u00e9 que ce soit, est strictement interdite sans autorisation pr\u00e9alable et \u00e9crite et constituerait \u00e0 ce titre\u00a0<strong>d&rsquo;un d\u00e9lie de contrefa\u00e7on<\/strong>\u00a0sanctionn\u00e9e par les articles L 355-2 et suivants du Code de la Propri\u00e9t\u00e9 Intellectuelle.<\/p>\n<p><strong>Responsabilit\u00e9<\/strong>\u00a0:<\/p>\n<p>L&rsquo;utilisateur est seul responsable de l&rsquo;utilisation des informations fournies sur le site. L&rsquo;utilisateur s&rsquo;engage \u00e0 ne transmettre sur ce site aucune information pouvant entra\u00eener une responsabilit\u00e9 civile ou p\u00e9nale et s&rsquo;engage \u00e0 ce titre \u00e0 ne pas divulguer via ce site des informations ill\u00e9gales, contraires \u00e0 l&rsquo;ordre public ou diffamatoires.<\/p>\n<p><strong>Lien hypertexte<\/strong>\u00a0:<\/p>\n<p>La cr\u00e9ation de liens hypertexte vers le site www.abc-photoline.com est soumise \u00e0 un accord pr\u00e9alable et \u00e9crit.<\/p>\n<p><strong>Messagerie<\/strong>\u00a0:<\/p>\n<p>Pour toute remarque sur le fonctionnement du site, vous pouvez envoyer un message en s\u00e9lectionnant dans la rubrique\u00a0<a href=\"http:\/\/www.abc-photoline.com\/Contact.html\">Contact<\/a>. Les messages que vous nous ferez parvenir par l&rsquo;interm\u00e9diaire d&rsquo;Internet peuvent \u00eatre intercept\u00e9s sur le r\u00e9seau. Jusqu&rsquo;\u00e0 ce qu&rsquo;ils nous parviennent, leur confidentialit\u00e9 ne peut \u00eatre garantie.<\/p>\n","protected":false},"excerpt":{"rendered":"<p>Mentions L\u00e9gals Antoine BACHELET Photographe Auteur &#8211; Cr\u00e9ateur d&rsquo;Image &#8211; www.abc-photoline.com Vous \u00eates actuellement connect\u00e9 au site de\u00a0Antoine BACHELET Photographe &#8211; www.abc-photoline.com L&rsquo;utilisateur en ayant acc\u00e8s \u00e0 ce site s&rsquo;engage [&hellip;]<\/p>\n","protected":false},"author":1,"featured_media":0,"parent":0,"menu_order":0,"comment_status":"closed","ping_status":"closed","template":"","meta":{"footnotes":""},"class_list":["post-28","page","type-page","status-publish","hentry"],"publishpress_future_action":{"enabled":false,"date":"2026-04-24 00:21:06","action":"draft","terms":[],"taxonomy":""},"_links":{"self":[{"href":"https:\/\/abc-photoline.com\/com\/wp-json\/wp\/v2\/pages\/28","targetHints":{"allow":["GET"]}}],"collection":[{"href":"https:\/\/abc-photoline.com\/com\/wp-json\/wp\/v2\/pages"}],"about":[{"href":"https:\/\/abc-photoline.com\/com\/wp-json\/wp\/v2\/types\/page"}],"author":[{"embeddable":true,"href":"https:\/\/abc-photoline.com\/com\/wp-json\/wp\/v2\/users\/1"}],"replies":[{"embeddable":true,"href":"https:\/\/abc-photoline.com\/com\/wp-json\/wp\/v2\/comments?post=28"}],"version-history":[{"count":2,"href":"https:\/\/abc-photoline.com\/com\/wp-json\/wp\/v2\/pages\/28\/revisions"}],"predecessor-version":[{"id":68,"href":"https:\/\/abc-photoline.com\/com\/wp-json\/wp\/v2\/pages\/28\/revisions\/68"}],"wp:attachment":[{"href":"https:\/\/abc-photoline.com\/com\/wp-json\/wp\/v2\/media?parent=28"}],"curies":[{"name":"wp","href":"https:\/\/api.w.org\/{rel}","templated":true}]}}