{"id":34,"date":"2015-01-19T15:33:57","date_gmt":"2015-01-19T15:33:57","guid":{"rendered":"http:\/\/abc-photoline.com\/com\/?page_id=34"},"modified":"2015-04-15T09:13:55","modified_gmt":"2015-04-15T08:13:55","slug":"video","status":"publish","type":"page","link":"https:\/\/abc-photoline.com\/com\/video","title":{"rendered":"Vid\u00e9o"},"content":{"rendered":"<p>Gr\u00e2ce aux nouvelles technologies les \u00a0appareils photo professionnels sont devenus de v\u00e9ritables cameras dignes du cin\u00e9ma.<\/p>\n<p>Cela offre\u00a0de tr\u00e8s grandes possibilit\u00e9s de tournage que cela soit pour la r\u00e9alisation de reportage priv\u00e9, industriel, mariage, d&rsquo;un clip, \u00a0spot de pub, ou d&rsquo;un cours m\u00e9trage&#8230; les\u00a0alternatives\u00a0sont immenses .<\/p>\n<p>La r\u00e9alisation d&rsquo;images en Full HD avec la qualit\u00e9 des objectifs photographiques donne une profondeur de champ qui est \u00e9poustouflante et produit\u00a0une r\u00e9elle\u00a0dimention\u00a0dans l&rsquo;image.<\/p>\n<p>Nous pouvons vous fournir les images brutes, ou \u00e9galement r\u00e9aliser pour vous le montage vid\u00e9o.<\/p>\n<blockquote><p>Ces prestations sont uniquement sur devis.<\/p><\/blockquote>\n<p>&nbsp;<\/p>\n<p><iframe loading=\"lazy\" src=\"\/\/www.dailymotion.com\/embed\/video\/x2jr3ks\" width=\"480\" height=\"270\" frameborder=\"0\" allowfullscreen=\"allowfullscreen\"><\/iframe><br \/>\n<a href=\"http:\/\/www.dailymotion.com\/video\/x2jr3ks_du-haut-d-un-arbre_creation\" target=\"_blank\">Du Haut D un Arbre<\/a> <i>par <a href=\"http:\/\/www.dailymotion.com\/abcphotoline\" target=\"_blank\">abcphotoline<\/a><\/i><br \/>\n<iframe loading=\"lazy\" src=\"\/\/www.dailymotion.com\/embed\/video\/xsiphw\" width=\"480\" height=\"270\" frameborder=\"0\" allowfullscreen=\"allowfullscreen\"><\/iframe><br \/>\n<a href=\"http:\/\/www.dailymotion.com\/video\/xsiphw_o-bo-15-min-fr-v2-red_creation\" target=\"_blank\">O BO 15 min FR V2 RED<\/a> <i>par <a href=\"http:\/\/www.dailymotion.com\/abcphotoline\" target=\"_blank\">abcphotoline<\/a><\/i><\/p>\n<p><iframe loading=\"lazy\" title=\"L&#039;art en Sort CUP SONG\" width=\"640\" height=\"360\" src=\"https:\/\/www.youtube.com\/embed\/djSK8-vZ1ig?feature=oembed\" frameborder=\"0\" allow=\"accelerometer; autoplay; clipboard-write; encrypted-media; gyroscope; picture-in-picture; web-share\" referrerpolicy=\"strict-origin-when-cross-origin\" allowfullscreen><\/iframe><\/p>\n","protected":false},"excerpt":{"rendered":"<p>Gr\u00e2ce aux nouvelles technologies les \u00a0appareils photo professionnels sont devenus de v\u00e9ritables cameras dignes du cin\u00e9ma. Cela offre\u00a0de tr\u00e8s grandes possibilit\u00e9s de tournage que cela soit pour la r\u00e9alisation de [&hellip;]<\/p>\n","protected":false},"author":1,"featured_media":0,"parent":0,"menu_order":0,"comment_status":"closed","ping_status":"closed","template":"","meta":{"footnotes":""},"class_list":["post-34","page","type-page","status-publish","hentry"],"publishpress_future_action":{"enabled":false,"date":"2026-05-12 23:51:11","action":"draft","terms":[],"taxonomy":""},"_links":{"self":[{"href":"https:\/\/abc-photoline.com\/com\/wp-json\/wp\/v2\/pages\/34","targetHints":{"allow":["GET"]}}],"collection":[{"href":"https:\/\/abc-photoline.com\/com\/wp-json\/wp\/v2\/pages"}],"about":[{"href":"https:\/\/abc-photoline.com\/com\/wp-json\/wp\/v2\/types\/page"}],"author":[{"embeddable":true,"href":"https:\/\/abc-photoline.com\/com\/wp-json\/wp\/v2\/users\/1"}],"replies":[{"embeddable":true,"href":"https:\/\/abc-photoline.com\/com\/wp-json\/wp\/v2\/comments?post=34"}],"version-history":[{"count":9,"href":"https:\/\/abc-photoline.com\/com\/wp-json\/wp\/v2\/pages\/34\/revisions"}],"predecessor-version":[{"id":479,"href":"https:\/\/abc-photoline.com\/com\/wp-json\/wp\/v2\/pages\/34\/revisions\/479"}],"wp:attachment":[{"href":"https:\/\/abc-photoline.com\/com\/wp-json\/wp\/v2\/media?parent=34"}],"curies":[{"name":"wp","href":"https:\/\/api.w.org\/{rel}","templated":true}]}}