{"id":36,"date":"2015-01-19T15:34:59","date_gmt":"2015-01-19T15:34:59","guid":{"rendered":"http:\/\/abc-photoline.com\/com\/?page_id=36"},"modified":"2019-03-07T18:05:15","modified_gmt":"2019-03-07T17:05:15","slug":"infographie","status":"publish","type":"page","link":"https:\/\/abc-photoline.com\/com\/infographie","title":{"rendered":"infographie"},"content":{"rendered":"<h2>infographie :<\/h2>\n<p>R\u00e9alisation de maquette pr\u00eate \u00e0 \u00eatre imprim\u00e9e par vous ou par nous.<\/p>\n<p>Nous intervenons sur :<\/p>\n<ul>\n<li>Carterie<\/li>\n<li>Office<\/li>\n<li>Flyer \/ d\u00e9pliant<\/li>\n<li>Anagramme<\/li>\n<li>Brochure \/ magazine<\/li>\n<li>restaurant \/ h\u00f4tellerie<\/li>\n<li>Affiche<\/li>\n<li>Stand<\/li>\n<li>Ev\u00e8nementiel<\/li>\n<li>Produit digital<\/li>\n<li>\u00e9tiquette<\/li>\n<li>packaging<\/li>\n<li>Logo<\/li>\n<li>&#8230;<\/li>\n<\/ul>\n<p>&nbsp;<\/p>\n<p style=\"text-align: justify;\">Les maquettes sont toujours r\u00e9alis\u00e9es avec les \u00e9l\u00e9ments que vous nous fournissez. Toutefois dans le cas de cr\u00e9ation totale, nous pouvons \u00eatre amen\u00e9s \u00e0 rechercher des \u00e9l\u00e9ments de maquettage (logo, images&#8230;) Dans tous les cas, un devis pr\u00e9alable vous sera soumis, aucun achat ne sera r\u00e9alis\u00e9 sans votre approbation.<\/p>\n<p style=\"text-align: justify;\">La souplesse de notre structure nous permet d&rsquo;intervenir imm\u00e9diatement sur toutes vos maquettes PAO urgentes. Nous travaillons indiff\u00e9remment sur les logiciels de mise en page les plus courants, dans le monde Mac ou Windows.<\/p>\n<p style=\"text-align: justify;\">Nous intervenons sur tous fichiers de tous formats : plaquettes, d\u00e9pliants, affiches, livrets, magazines, visuels pub, calendriers&#8230;<br \/>\nNous pouvons \u00e9galement reprendre des fichiers en cours.<\/p>\n<p style=\"text-align: justify;\"><span class=\"noirGrNormal\">D\u00e8s r\u00e9ception de vos \u00e9l\u00e9ments via internet,<br \/>\nnous r\u00e9alisons une pr\u00e9-maquette en basse d\u00e9finition<br \/>\nde votre travail afin de nous assurer que nous respectons bien vos recommandations.<br \/>\n<\/span><\/p>\n<p class=\"noirGrNormal\" style=\"text-align: justify;\">Si tout est Ok, nous finalisons votre maquette en haute-r\u00e9solution et apr\u00e8s correction et validation de votre \u00e9preuve, nous vous retournons un fichier Pdf haute r\u00e9solution pr\u00eat \u00e0 flasher.<\/p>\n<p class=\"noirGrNormal\" style=\"text-align: justify;\">Une \u00e9troite collaboration pendant la r\u00e9alisation de votre maquette, vous garantit un travail impeccable et sans surprise, pour votre plus grande satisfaction.<\/p>\n<p>&nbsp;<\/p>\n<h2>Impression :<\/h2>\n<p>Imprimerie\u00a0: R\u00e9alisation d\u2019<strong>impression de supports d\u2019infographie r\u00e9alis\u00e9s par abc-photoline<\/strong>\u00a0sur tout format et tout support afin de vous procurer un produit clef en main, avec des\u00a0<strong>tarifs\u00a0d\u2019impression\u00a0<\/strong><b>imbattables<\/b>.<\/p>\n<p>&nbsp;<\/p>\n<blockquote><p><em>abc-photoline n\u2019est pas une imprimerie et r\u00e9alise l\u2019impression uniquement des supports dont elle est le cr\u00e9ateur avec des tarifs prix revendeur pro<\/em><\/p><\/blockquote>\n<p>&nbsp;<\/p>\n<p><iframe loading=\"lazy\" src=\"http:\/\/www.zyyne.com\/zh5\/127889\" width=\"800\" height=\"600\" frameborder=\"0\" scrolling=\"no\" allowfullscreen=\"allowfullscreen\"><\/iframe><\/p>\n<p>Affichez le catalogue en plein \u00e9cran <a title=\"http:\/\/www.zyyne.com\/zh5\/127889\" href=\"http:\/\/www.zyyne.com\/zh5\/127889\" target=\"_blank\" rel=\"noopener\">ici<\/a><\/p>\n","protected":false},"excerpt":{"rendered":"<p>infographie : R\u00e9alisation de maquette pr\u00eate \u00e0 \u00eatre imprim\u00e9e par vous ou par nous. Nous intervenons sur : Carterie Office Flyer \/ d\u00e9pliant Anagramme Brochure \/ magazine restaurant \/ h\u00f4tellerie [&hellip;]<\/p>\n","protected":false},"author":1,"featured_media":0,"parent":0,"menu_order":0,"comment_status":"closed","ping_status":"closed","template":"","meta":{"footnotes":""},"class_list":["post-36","page","type-page","status-publish","hentry"],"publishpress_future_action":{"enabled":false,"date":"2026-05-16 16:30:31","action":"draft","terms":[],"taxonomy":""},"_links":{"self":[{"href":"https:\/\/abc-photoline.com\/com\/wp-json\/wp\/v2\/pages\/36","targetHints":{"allow":["GET"]}}],"collection":[{"href":"https:\/\/abc-photoline.com\/com\/wp-json\/wp\/v2\/pages"}],"about":[{"href":"https:\/\/abc-photoline.com\/com\/wp-json\/wp\/v2\/types\/page"}],"author":[{"embeddable":true,"href":"https:\/\/abc-photoline.com\/com\/wp-json\/wp\/v2\/users\/1"}],"replies":[{"embeddable":true,"href":"https:\/\/abc-photoline.com\/com\/wp-json\/wp\/v2\/comments?post=36"}],"version-history":[{"count":16,"href":"https:\/\/abc-photoline.com\/com\/wp-json\/wp\/v2\/pages\/36\/revisions"}],"predecessor-version":[{"id":960,"href":"https:\/\/abc-photoline.com\/com\/wp-json\/wp\/v2\/pages\/36\/revisions\/960"}],"wp:attachment":[{"href":"https:\/\/abc-photoline.com\/com\/wp-json\/wp\/v2\/media?parent=36"}],"curies":[{"name":"wp","href":"https:\/\/api.w.org\/{rel}","templated":true}]}}