{"id":79,"date":"2015-01-19T18:10:03","date_gmt":"2015-01-19T17:10:03","guid":{"rendered":"http:\/\/abc-photoline.com\/com\/?page_id=79"},"modified":"2018-08-23T21:57:50","modified_gmt":"2018-08-23T20:57:50","slug":"albums-prives","status":"publish","type":"page","link":"https:\/\/abc-photoline.com\/com\/albums-prives","title":{"rendered":"ALBUMS PRIVES"},"content":{"rendered":"<div id=\"jingooGallery\"><\/div>\n<p><script type=\"text\/javascript\">(function(i,s,o,g,r,a,m){i['JingooGalleryObject']=r;i[r]=i[r]||function(){(i[r].q=i[r].q||[]).push(arguments)},i[r].l=1*new Date();a=s.createElement(o),m=s.getElementsByTagName(o)[0];a.async=1;a.src=g;m.parentNode.insertBefore(a,m)})(window,document,'script',\"https:\/\/www.jingoo.com\/api\/accesDistant\/VDhSNAZUV2ReOQdzUjoAYVUgUjYFJgZtCWUHbQhgDGYFMgU0UWZVOgwiB2ZSNlwuBGoHbQE8BjhcOQc5CyIOJ1QDUjUGdFdjXiQHcw==.js\",'JingooGalleryLoader');<\/script><\/p>\n<p align=\"center\"><em><strong><span style=\"font-size: large;\">Un photographe pour vos besoins personnels ou professionnels \u00e0 votre \u00e9coute et \u00e0 votre service.<\/span><\/strong><\/em><\/p>\n<div style=\"display:inline-block;width:100%;max-width:260px;margin-right:15px;vertical-align:top;font-family:'Open Sans',sans-serif;\">\n<form method=\"post\" action=\"http:\/\/www.jingoo.com\/index.php\" target=\"_top\">\n<div><input name=\"login\" id=\"identifiant2\" value=\"AB74-\" placeholder=\"Identifiant\" onfocus=\"if (this.value=='Identifiant') {this.value=''}\" style=\"width:100%;background:#D8D8D8;border:1px solid #ccc;padding:5px 10px;color:#555;margin-bottom: 5px;\" type=\"text\"><\/div>\n<div><input name=\"password\" id=\"pass2\" value=\"Mot de passe\" placeholder=\"Mot de passe\" onfocus=\"if (this.value=='Mot de passe') {this.value=''}\" style=\"width:100%;background:#D8D8D8;border:1px solid #ccc;padding:5px 10px;color:#555;margin-bottom: 5px;\" type=\"text\"><\/div>\n<p><input name=\"action\" value=\"login\" type=\"hidden\"><input name=\"idPhotographeAccesModule\" value=\"\/infos\/acces.php\/272354\" type=\"hidden\"><button name=\"Submit3\" value=\"OK\" type=\"submit\" style=\"display:block;width:100%;border:0;padding:5px;color:#ffffff;background-color:#777777;font-size:13px;margin-top:5px;text-decoration:none;text-align: center;border-radius:2px;cursor:pointer;font-family:'Open Sans',sans-serif;text-transform:uppercase;\">Connexion<\/button><\/form>\n<\/div>\n<div style=\"display:inline-block;width:100%;max-width:260px;vertical-align:top;font-family:'Open Sans',sans-serif;\"><a href=\"http:\/\/www.jingoo.com\/album\/public.php?id_photographe=272354\" target=\"_blank\" style=\"display:block;width:100%;border:0;padding:5px;color:#ffffff;background-color:#777777;font-size:13px;margin-top:5px;text-decoration:none;text-align: center;border-radius:2px;text-transform:uppercase;\">Voir les albums publics<\/a><\/div>\n<h3 style=\"text-align: center;\" align=\"center\"><\/h3>\n<p align=\"center\">Mariages et Portraits \/ Photos d&rsquo;entreprises \/ Press-book \/ Comp\u00e9titions sportives \/ \u00c9v\u00e8nementiels \/ Reportages<\/p>\n<p align=\"center\"><em>Vous pourrez consulter les photos et les partager avec vos proches ou vos collaborateurs directement sur internet. Vous commandez seulement celles qui vous int\u00e9ressent.<\/em><\/p>\n<p>&nbsp;<\/p>\n<div align=\"left\"><strong><em>Vous d\u00e9sirez<\/em><\/strong>\u00a0consulter les albums priv\u00e9s que j&rsquo;ai r\u00e9alis\u00e9s pour vous: il vous suffit de rentrer l&rsquo;identifiant et le mot de passe que je vous\u00a0ai remis dans les champs pr\u00e9vus \u00e0 cet effet.<\/div>\n<div align=\"left\">\n<p><strong><em>Vous avez<\/em><\/strong>\u00a0\u00e9t\u00e9 pris en photo lors d&rsquo;un \u00e9v\u00e8nement public: consultez directement la liste des \u00e9v\u00e8nements que j&rsquo;ai couvert.<\/p>\n<p>&nbsp;<\/p>\n<p>&nbsp;<\/p><\/div>\n","protected":false},"excerpt":{"rendered":"<p>Un photographe pour vos besoins personnels ou professionnels \u00e0 votre \u00e9coute et \u00e0 votre service. Connexion Voir les albums publics Mariages et Portraits \/ Photos d&rsquo;entreprises \/ Press-book \/ Comp\u00e9titions [&hellip;]<\/p>\n","protected":false},"author":1,"featured_media":0,"parent":0,"menu_order":0,"comment_status":"closed","ping_status":"closed","template":"","meta":{"footnotes":""},"class_list":["post-79","page","type-page","status-publish","hentry"],"publishpress_future_action":{"enabled":false,"date":"2026-05-05 10:19:33","action":"draft","terms":[],"taxonomy":""},"_links":{"self":[{"href":"https:\/\/abc-photoline.com\/com\/wp-json\/wp\/v2\/pages\/79","targetHints":{"allow":["GET"]}}],"collection":[{"href":"https:\/\/abc-photoline.com\/com\/wp-json\/wp\/v2\/pages"}],"about":[{"href":"https:\/\/abc-photoline.com\/com\/wp-json\/wp\/v2\/types\/page"}],"author":[{"embeddable":true,"href":"https:\/\/abc-photoline.com\/com\/wp-json\/wp\/v2\/users\/1"}],"replies":[{"embeddable":true,"href":"https:\/\/abc-photoline.com\/com\/wp-json\/wp\/v2\/comments?post=79"}],"version-history":[{"count":32,"href":"https:\/\/abc-photoline.com\/com\/wp-json\/wp\/v2\/pages\/79\/revisions"}],"predecessor-version":[{"id":934,"href":"https:\/\/abc-photoline.com\/com\/wp-json\/wp\/v2\/pages\/79\/revisions\/934"}],"wp:attachment":[{"href":"https:\/\/abc-photoline.com\/com\/wp-json\/wp\/v2\/media?parent=79"}],"curies":[{"name":"wp","href":"https:\/\/api.w.org\/{rel}","templated":true}]}}